{"id":763,"date":"2018-04-13T14:58:43","date_gmt":"2018-04-13T12:58:43","guid":{"rendered":"https:\/\/www.exerciselab.be\/?page_id=763"},"modified":"2021-04-06T13:04:35","modified_gmt":"2021-04-06T11:04:35","slug":"recherche","status":"publish","type":"page","link":"https:\/\/www.exerciselab.be\/en\/recherche\/","title":{"rendered":"Research"},"content":{"rendered":"<div id=\"pl-763\"  class=\"panel-layout\" ><div id=\"pg-763-0\"  class=\"panel-grid panel-has-style\" ><div id=\"metasliderid2243\" class=\"panel-row-style panel-row-style-for-763-0\" ><div id=\"pgc-763-0-0\"  class=\"panel-grid-cell\" ><div id=\"panel-763-0-0-0\" class=\"so-panel widget widget_sow-image panel-first-child panel-last-child\" data-index=\"0\" ><div\n\t\t\t\n\t\t\tclass=\"so-widget-sow-image so-widget-sow-image-default-334eeca80698-763\"\n\t\t\t\n\t\t>\n<div class=\"sow-image-container\">\n\t\t\t<a href=\"https:\/\/uclouvain.be\/fr\/instituts-recherche\/ions\"\n\t\t\t\t\t>\n\t\t\t<img \n\tsrc=\"https:\/\/www.exerciselab.be\/wp-content\/uploads\/2020\/06\/IONS_Logotype_CMJN.jpg\" width=\"1896\" height=\"650\" srcset=\"https:\/\/www.exerciselab.be\/wp-content\/uploads\/2020\/06\/IONS_Logotype_CMJN.jpg 1896w, https:\/\/www.exerciselab.be\/wp-content\/uploads\/2020\/06\/IONS_Logotype_CMJN-300x103.jpg 300w, https:\/\/www.exerciselab.be\/wp-content\/uploads\/2020\/06\/IONS_Logotype_CMJN-1024x351.jpg 1024w, https:\/\/www.exerciselab.be\/wp-content\/uploads\/2020\/06\/IONS_Logotype_CMJN-768x263.jpg 768w, https:\/\/www.exerciselab.be\/wp-content\/uploads\/2020\/06\/IONS_Logotype_CMJN-1536x527.jpg 1536w, https:\/\/www.exerciselab.be\/wp-content\/uploads\/2020\/06\/IONS_Logotype_CMJN-640x219.jpg 640w, https:\/\/www.exerciselab.be\/wp-content\/uploads\/2020\/06\/IONS_Logotype_CMJN-100x34.jpg 100w\" sizes=\"(max-width: 1896px) 100vw, 1896px\" title=\"Institute Of NeuroScience\" alt=\"\" \t\tclass=\"so-widget-image\"\/>\n\t\t\t<\/a><\/div>\n\n<h3 class=\"widget-title\">Institute Of NeuroScience<\/h3><\/div><\/div><\/div><div id=\"pgc-763-0-1\"  class=\"panel-grid-cell\" ><div id=\"panel-763-0-1-0\" class=\"so-panel widget widget_sow-editor panel-first-child panel-last-child\" data-index=\"1\" ><div\n\t\t\t\n\t\t\tclass=\"so-widget-sow-editor so-widget-sow-editor-base\"\n\t\t\t\n\t\t>\n<div class=\"siteorigin-widget-tinymce textwidget\">\n\t<p style=\"left: 1.0pt; text-align: justify;\">The sport world is constantly in demand for new ways to optimize the health benefits of physical activity and improve performance. Through its research activity, the Laboratory of Exercise Physiology and Biochemistry at UCLouvain contributes to this innovation. Research is carried out in the field of sport performance in order to optimize training strategies for high level athletes but also in the field of physical activity with the aim of improving the health of everyone.<\/p>\n<\/div>\n<\/div><\/div><\/div><\/div><\/div><div id=\"pg-763-1\"  class=\"panel-grid panel-has-style\" ><div class=\"siteorigin-panels-stretch panel-row-style panel-row-style-for-763-1\" data-stretch-type=\"full-stretched\" ><div id=\"pgc-763-1-0\"  class=\"panel-grid-cell\" ><div id=\"panel-763-1-0-0\" class=\"so-panel widget widget_sow-hero panel-first-child panel-last-child\" data-index=\"2\" ><div class=\"so-parallax panel-widget-style panel-widget-style-for-763-1-0-0\" ><img fetchpriority=\"high\" decoding=\"async\" width=\"4520\" height=\"2990\" src=\"https:\/\/www.exerciselab.be\/wp-content\/uploads\/2018\/04\/site_NB_low-Copie.jpg\" class=\"attachment-full size-full\" alt=\"\" data-siteorigin-parallax=\"true\" loading=\"eager\" srcset=\"https:\/\/www.exerciselab.be\/wp-content\/uploads\/2018\/04\/site_NB_low-Copie.jpg 4520w, https:\/\/www.exerciselab.be\/wp-content\/uploads\/2018\/04\/site_NB_low-Copie-300x198.jpg 300w, https:\/\/www.exerciselab.be\/wp-content\/uploads\/2018\/04\/site_NB_low-Copie-768x508.jpg 768w, https:\/\/www.exerciselab.be\/wp-content\/uploads\/2018\/04\/site_NB_low-Copie-1024x677.jpg 1024w, https:\/\/www.exerciselab.be\/wp-content\/uploads\/2018\/04\/site_NB_low-Copie-1260x833.jpg 1260w\" sizes=\"(max-width: 4520px) 100vw, 4520px\" \/><div\n\t\t\t\n\t\t\tclass=\"so-widget-sow-hero so-widget-sow-hero-default-4c3cc4dec24e-763 so-widget-fittext-wrapper\"\n\t\t\t data-fit-text-compressor=\"0.7\"\n\t\t>\t\t\t\t<div class=\"sow-slider-base\" style=\"display: none\" tabindex=\"0\">\n\t\t\t\t\t<ul\n\t\t\t\t\tclass=\"sow-slider-images\"\n\t\t\t\t\tdata-settings=\"{&quot;pagination&quot;:true,&quot;speed&quot;:800,&quot;timeout&quot;:8000,&quot;paused&quot;:false,&quot;pause_on_hover&quot;:false,&quot;swipe&quot;:true,&quot;nav_always_show_desktop&quot;:&quot;&quot;,&quot;nav_always_show_mobile&quot;:&quot;&quot;,&quot;breakpoint&quot;:&quot;780px&quot;,&quot;unmute&quot;:false,&quot;anchor&quot;:null}\"\n\t\t\t\t\tstyle=\"min-height: 360px\"\t\t\t\t\tdata-anchor-id=\"\"\n\t\t\t\t>\t\t<li class=\"sow-slider-image\" style=\"visibility: visible;\" >\n\t\t\t\t\t<div class=\"sow-slider-image-container\">\n\t\t\t<div class=\"sow-slider-image-wrapper\">\n\t\t\t\t\t\t\t<\/div>\n\t\t<\/div>\n\t\t\t\t<\/li>\n\t\t<\/ul>\t\t\t\t<ol class=\"sow-slider-pagination\">\n\t\t\t\t\t\t\t\t\t\t\t<li><a href=\"#\" data-goto=\"0\" aria-label=\"Display slide 1\"><\/a><\/li>\n\t\t\t\t\t\t\t\t\t<\/ol>\n\n\t\t\t\t<div class=\"sow-slide-nav sow-slide-nav-next\">\n\t\t\t\t\t<a href=\"#\" data-goto=\"next\" aria-label=\"Next slide\" data-action=\"next\">\n\t\t\t\t\t\t<em class=\"sow-sld-icon-thin-right\"><\/em>\n\t\t\t\t\t<\/a>\n\t\t\t\t<\/div>\n\n\t\t\t\t<div class=\"sow-slide-nav sow-slide-nav-prev\">\n\t\t\t\t\t<a href=\"#\" data-goto=\"previous\" aria-label=\"Previous slide\" data-action=\"prev\">\n\t\t\t\t\t\t<em class=\"sow-sld-icon-thin-left\"><\/em>\n\t\t\t\t\t<\/a>\n\t\t\t\t<\/div>\n\t\t\t\t<\/div><\/div><\/div><\/div><\/div><\/div><\/div><div id=\"pg-763-2\"  class=\"panel-grid panel-has-style\" ><div class=\"panel-row-style panel-row-style-for-763-2\" ><div id=\"pgc-763-2-0\"  class=\"panel-grid-cell\" ><div id=\"panel-763-2-0-0\" class=\"so-panel widget widget_sow-features panel-first-child panel-last-child\" data-index=\"3\" ><div class=\"panel-widget-style panel-widget-style-for-763-2-0-0\" ><div\n\t\t\t\n\t\t\tclass=\"so-widget-sow-features so-widget-sow-features-default-83da599b64f9-763\"\n\t\t\t\n\t\t><ul\n\tclass=\"sow-features-list\tsow-features-responsive\">\n\n\t\t\t<li\n\t\t\tclass=\"sow-features-feature sow-icon-container-position-top\"\n\t\t\tstyle=\"display: flex; flex-direction: column; width: calc(50% - 25px);\"\n\t\t>\n\t\t\t\n\t\t\t\t\t\t\t<div class=\"sow-features-feature-right-left-container\" style=\"display: flex; flex-direction: inherit;\">\n\t\t\t\t\t\t\t<a\t\t\t\tclass=\"sow-icon-container sow-container-rounded-square\"\n\t\t\t\tstyle=\"color: #ffa5a5; \"\n\t\t\t\t\n\t\t\t\t\t\t\t\t\thref=\"https:\/\/www.exerciselab.be\/en\/sport-performance\/\"\n\t\t\t\t\t\t\t\t>\n\t\t\t\t<span class=\"sow-icon-fontawesome sow-fas\" data-sow-icon=\"&#xf091;\"\n\t\tstyle=\"font-size: 75px; color: #FFFFFF\" \n\t\taria-hidden=\"true\"><\/span>\t\t\t<\/a>\n\n\t\t\t<div class=\"textwidget\">\n\t\t\t\t\t\t\t\t\t<div class=\"sow-features-feature-content\">\n\t\t\t\t\n\t\t\t\t\t\t\t\t\t<h5 class=\"sow-features-feature-title\">\n\t\t\t\t\t\t\t\t\t\t\t\t\t<a\n\t\t\t\t\t\t\t\thref=\"https:\/\/www.exerciselab.be\/en\/sport-performance\/\"\n\t\t\t\t\t\t\t\t\t\t\t\t\t\t\t>\n\t\t\t\t\t\t\tSport Performance\t\t\t\t\t\t\t<\/a>\n\t\t\t\t\t\t\t\t\t\t\t\t<\/h5>\n\t\t\t\t\n\t\t\t\t\t\t\t\t\t<\/div>\n\t\t\t\t\t<p class=\"sow-more-text\">\n\t\t\t\t\t\t<a href=\"https:\/\/www.exerciselab.be\/en\/sport-performance\/\" >\t\t\t\t\t\tMore information...\t\t\t\t\t\t<\/a>\t\t\t\t\t<\/p>\n\t\t\t\t\t\t\t<\/div>\n\t\t\t\t\t\t\t<\/div>\n\t\t\t\t\t\t\t\t<\/li>\n\n\t\t\t<li\n\t\t\tclass=\"sow-features-feature sow-icon-container-position-top\"\n\t\t\tstyle=\"display: flex; flex-direction: column; width: calc(50% - 25px);\"\n\t\t>\n\t\t\t\n\t\t\t\t\t\t\t<div class=\"sow-features-feature-right-left-container\" style=\"display: flex; flex-direction: inherit;\">\n\t\t\t\t\t\t\t<a\t\t\t\tclass=\"sow-icon-container sow-container-rounded-square\"\n\t\t\t\tstyle=\"color: #ffa5a5; \"\n\t\t\t\ttitle=\"Anaerobic Capacity\"\n\t\t\t\t\t\t\t\t\thref=\"https:\/\/www.exerciselab.be\/en\/sport-sante\/\"\n\t\t\t\t\t\t\t\t>\n\t\t\t\t<span class=\"sow-icon-fontawesome sow-fas\" data-sow-icon=\"&#xf0f1;\"\n\t\tstyle=\"font-size: 75px; color: #FFFFFF\" \n\t\taria-hidden=\"true\"><\/span>\t\t\t<\/a>\n\n\t\t\t<div class=\"textwidget\">\n\t\t\t\t\t\t\t\t\t<div class=\"sow-features-feature-content\">\n\t\t\t\t\n\t\t\t\t\t\t\t\t\t<h5 class=\"sow-features-feature-title\">\n\t\t\t\t\t\t\t\t\t\t\t\t\t<a\n\t\t\t\t\t\t\t\thref=\"https:\/\/www.exerciselab.be\/en\/sport-sante\/\"\n\t\t\t\t\t\t\t\t\t\t\t\t\t\t\t>\n\t\t\t\t\t\t\tSport for health\t\t\t\t\t\t\t<\/a>\n\t\t\t\t\t\t\t\t\t\t\t\t<\/h5>\n\t\t\t\t\n\t\t\t\t\t\t\t\t\t<\/div>\n\t\t\t\t\t<p class=\"sow-more-text\">\n\t\t\t\t\t\t<a href=\"https:\/\/www.exerciselab.be\/en\/sport-sante\/\" >\t\t\t\t\t\tMore information...\t\t\t\t\t\t<\/a>\t\t\t\t\t<\/p>\n\t\t\t\t\t\t\t<\/div>\n\t\t\t\t\t\t\t<\/div>\n\t\t\t\t\t\t\t\t<\/li>\n\n\t<\/ul>\n<\/div><\/div><\/div><\/div><\/div><\/div><div id=\"pg-763-3\"  class=\"panel-grid panel-has-style\" ><div class=\"siteorigin-panels-stretch panel-row-style panel-row-style-for-763-3\" data-stretch-type=\"full-stretched\" ><div id=\"pgc-763-3-0\"  class=\"panel-grid-cell\" ><div id=\"panel-763-3-0-0\" class=\"so-panel widget widget_sow-image panel-first-child panel-last-child\" data-index=\"4\" ><div\n\t\t\t\n\t\t\tclass=\"so-widget-sow-image so-widget-sow-image-default-8b5b6f678277-763\"\n\t\t\t\n\t\t>\n<div class=\"sow-image-container\">\n\t\t<img \n\tsrc=\"https:\/\/www.exerciselab.be\/wp-content\/uploads\/2018\/08\/EH19649_NB.jpg\" width=\"4500\" height=\"3004\" srcset=\"https:\/\/www.exerciselab.be\/wp-content\/uploads\/2018\/08\/EH19649_NB.jpg 4500w, https:\/\/www.exerciselab.be\/wp-content\/uploads\/2018\/08\/EH19649_NB-300x200.jpg 300w, https:\/\/www.exerciselab.be\/wp-content\/uploads\/2018\/08\/EH19649_NB-768x513.jpg 768w, https:\/\/www.exerciselab.be\/wp-content\/uploads\/2018\/08\/EH19649_NB-1024x684.jpg 1024w, https:\/\/www.exerciselab.be\/wp-content\/uploads\/2018\/08\/EH19649_NB-640x427.jpg 640w, https:\/\/www.exerciselab.be\/wp-content\/uploads\/2018\/08\/EH19649_NB-100x67.jpg 100w, https:\/\/www.exerciselab.be\/wp-content\/uploads\/2018\/08\/EH19649_NB-272x182.jpg 272w\" sizes=\"(max-width: 4500px) 100vw, 4500px\" title=\"Laboratoire de biochimie\" alt=\"\" \t\tclass=\"so-widget-image\"\/>\n\t<\/div>\n\n<\/div><\/div><\/div><div id=\"pgc-763-3-1\"  class=\"panel-grid-cell\" ><div id=\"panel-763-3-1-0\" class=\"so-panel widget widget_sow-image panel-first-child panel-last-child\" data-index=\"5\" ><div\n\t\t\t\n\t\t\tclass=\"so-widget-sow-image so-widget-sow-image-default-8b5b6f678277-763\"\n\t\t\t\n\t\t>\n<div class=\"sow-image-container\">\n\t\t<img \n\tsrc=\"https:\/\/www.exerciselab.be\/wp-content\/uploads\/2018\/08\/EH28508_NB.jpg\" width=\"4500\" height=\"3004\" srcset=\"https:\/\/www.exerciselab.be\/wp-content\/uploads\/2018\/08\/EH28508_NB.jpg 4500w, https:\/\/www.exerciselab.be\/wp-content\/uploads\/2018\/08\/EH28508_NB-300x200.jpg 300w, https:\/\/www.exerciselab.be\/wp-content\/uploads\/2018\/08\/EH28508_NB-768x513.jpg 768w, https:\/\/www.exerciselab.be\/wp-content\/uploads\/2018\/08\/EH28508_NB-1024x684.jpg 1024w, https:\/\/www.exerciselab.be\/wp-content\/uploads\/2018\/08\/EH28508_NB-640x427.jpg 640w, https:\/\/www.exerciselab.be\/wp-content\/uploads\/2018\/08\/EH28508_NB-100x67.jpg 100w, https:\/\/www.exerciselab.be\/wp-content\/uploads\/2018\/08\/EH28508_NB-272x182.jpg 272w\" sizes=\"(max-width: 4500px) 100vw, 4500px\" title=\"Laboratoire de biochimie\" alt=\"\" \t\tclass=\"so-widget-image\"\/>\n\t<\/div>\n\n<\/div><\/div><\/div><div id=\"pgc-763-3-2\"  class=\"panel-grid-cell\" ><div id=\"panel-763-3-2-0\" class=\"so-panel widget widget_sow-image panel-first-child panel-last-child\" data-index=\"6\" ><div\n\t\t\t\n\t\t\tclass=\"so-widget-sow-image so-widget-sow-image-default-8b5b6f678277-763\"\n\t\t\t\n\t\t>\n<div class=\"sow-image-container\">\n\t\t<img \n\tsrc=\"https:\/\/www.exerciselab.be\/wp-content\/uploads\/2018\/08\/EH28745_NB.jpg\" width=\"4500\" height=\"3004\" srcset=\"https:\/\/www.exerciselab.be\/wp-content\/uploads\/2018\/08\/EH28745_NB.jpg 4500w, https:\/\/www.exerciselab.be\/wp-content\/uploads\/2018\/08\/EH28745_NB-300x200.jpg 300w, https:\/\/www.exerciselab.be\/wp-content\/uploads\/2018\/08\/EH28745_NB-768x513.jpg 768w, https:\/\/www.exerciselab.be\/wp-content\/uploads\/2018\/08\/EH28745_NB-1024x684.jpg 1024w, https:\/\/www.exerciselab.be\/wp-content\/uploads\/2018\/08\/EH28745_NB-640x427.jpg 640w, https:\/\/www.exerciselab.be\/wp-content\/uploads\/2018\/08\/EH28745_NB-100x67.jpg 100w, https:\/\/www.exerciselab.be\/wp-content\/uploads\/2018\/08\/EH28745_NB-272x182.jpg 272w\" sizes=\"(max-width: 4500px) 100vw, 4500px\" title=\"Laboratoire de l&rsquo;effort\" alt=\"\" \t\tclass=\"so-widget-image\"\/>\n\t<\/div>\n\n<\/div><\/div><\/div><div id=\"pgc-763-3-3\"  class=\"panel-grid-cell\" ><div id=\"panel-763-3-3-0\" class=\"so-panel widget widget_sow-image panel-first-child panel-last-child\" data-index=\"7\" ><div\n\t\t\t\n\t\t\tclass=\"so-widget-sow-image so-widget-sow-image-default-8b5b6f678277-763\"\n\t\t\t\n\t\t>\n<div class=\"sow-image-container\">\n\t\t<img \n\tsrc=\"https:\/\/www.exerciselab.be\/wp-content\/uploads\/2018\/08\/EH28408_NB.jpg\" width=\"4500\" height=\"3004\" srcset=\"https:\/\/www.exerciselab.be\/wp-content\/uploads\/2018\/08\/EH28408_NB.jpg 4500w, https:\/\/www.exerciselab.be\/wp-content\/uploads\/2018\/08\/EH28408_NB-300x200.jpg 300w, https:\/\/www.exerciselab.be\/wp-content\/uploads\/2018\/08\/EH28408_NB-768x513.jpg 768w, https:\/\/www.exerciselab.be\/wp-content\/uploads\/2018\/08\/EH28408_NB-1024x684.jpg 1024w, https:\/\/www.exerciselab.be\/wp-content\/uploads\/2018\/08\/EH28408_NB-640x427.jpg 640w, https:\/\/www.exerciselab.be\/wp-content\/uploads\/2018\/08\/EH28408_NB-100x67.jpg 100w, https:\/\/www.exerciselab.be\/wp-content\/uploads\/2018\/08\/EH28408_NB-272x182.jpg 272w\" sizes=\"(max-width: 4500px) 100vw, 4500px\" title=\"Laboratoire de biochimie\" alt=\"\" \t\tclass=\"so-widget-image\"\/>\n\t<\/div>\n\n<\/div><\/div><\/div><\/div><\/div><div id=\"pg-763-4\"  class=\"panel-grid panel-has-style\" ><div class=\"siteorigin-panels-stretch panel-row-style panel-row-style-for-763-4\" data-stretch-type=\"full-stretched\" ><div id=\"pgc-763-4-0\"  class=\"panel-grid-cell\" ><div id=\"panel-763-4-0-0\" class=\"so-panel widget widget_sow-editor panel-first-child\" data-index=\"8\" ><div class=\"panel-widget-style panel-widget-style-for-763-4-0-0\" ><div\n\t\t\t\n\t\t\tclass=\"so-widget-sow-editor so-widget-sow-editor-base\"\n\t\t\t\n\t\t><h3 class=\"widget-title\">Our institutional partners<\/h3>\n<div class=\"siteorigin-widget-tinymce textwidget\">\n\t<\/div>\n<\/div><\/div><\/div><div id=\"panel-763-4-0-1\" class=\"so-panel widget widget_sow-editor panel-last-child\" data-index=\"9\" ><div class=\"panel-widget-style panel-widget-style-for-763-4-0-1\" ><div\n\t\t\t\n\t\t\tclass=\"so-widget-sow-editor so-widget-sow-editor-base\"\n\t\t\t\n\t\t><h3 class=\"widget-title\">our sources of funding<\/h3>\n<div class=\"siteorigin-widget-tinymce textwidget\">\n\t<\/div>\n<\/div><\/div><\/div><\/div><div id=\"pgc-763-4-1\"  class=\"panel-grid-cell\" ><div id=\"panel-763-4-1-0\" class=\"so-panel widget widget_sow-image-grid panel-first-child\" data-index=\"10\" ><div\n\t\t\t\n\t\t\tclass=\"so-widget-sow-image-grid so-widget-sow-image-grid-default-b944a3370988-763\"\n\t\t\t\n\t\t>\t<div\n\t\tclass=\"sow-image-grid-wrapper\"\n\t\tdata-max-width=\"240\"\t\t\t>\n\t\t\t\t\t<div class=\"sow-image-grid-image\">\n\t\t\t\t\t\t\t\t\t\t\t\t\t<a href=\"https:\/\/uclouvain.be\"\n\t\t\t\t\t>\n\t\t\t\t\t\t\t\t<img loading=\"lazy\" decoding=\"async\" width=\"2480\" height=\"573\" src=\"https:\/\/www.exerciselab.be\/wp-content\/uploads\/2020\/06\/logo_UCLouvain_format_jpg_quadri.jpg\" class=\"sow-image-grid-image_html\" alt=\"\" title=\"UCLouvain\" srcset=\"https:\/\/www.exerciselab.be\/wp-content\/uploads\/2020\/06\/logo_UCLouvain_format_jpg_quadri.jpg 2480w, https:\/\/www.exerciselab.be\/wp-content\/uploads\/2020\/06\/logo_UCLouvain_format_jpg_quadri-300x69.jpg 300w, https:\/\/www.exerciselab.be\/wp-content\/uploads\/2020\/06\/logo_UCLouvain_format_jpg_quadri-1024x237.jpg 1024w, https:\/\/www.exerciselab.be\/wp-content\/uploads\/2020\/06\/logo_UCLouvain_format_jpg_quadri-768x177.jpg 768w, https:\/\/www.exerciselab.be\/wp-content\/uploads\/2020\/06\/logo_UCLouvain_format_jpg_quadri-1536x355.jpg 1536w, https:\/\/www.exerciselab.be\/wp-content\/uploads\/2020\/06\/logo_UCLouvain_format_jpg_quadri-2048x473.jpg 2048w, https:\/\/www.exerciselab.be\/wp-content\/uploads\/2020\/06\/logo_UCLouvain_format_jpg_quadri-640x148.jpg 640w, https:\/\/www.exerciselab.be\/wp-content\/uploads\/2020\/06\/logo_UCLouvain_format_jpg_quadri-100x23.jpg 100w\" sizes=\"auto, (max-width: 2480px) 100vw, 2480px\" \/>\t\t\t\t\t\t\t\t\t<\/a>\n\t\t\t\t\t\t\t\t\t\t\t<\/div>\n\t\t\t\t\t<div class=\"sow-image-grid-image\">\n\t\t\t\t\t\t\t\t\t\t\t\t\t<a href=\"http:\/\/www.capsport.be\"\n\t\t\t\t\t>\n\t\t\t\t\t\t\t\t<img loading=\"lazy\" decoding=\"async\" width=\"515\" height=\"120\" src=\"https:\/\/www.exerciselab.be\/wp-content\/uploads\/2018\/07\/Logo-CAPS-version2-noir-cyan_reduit.jpg\" class=\"sow-image-grid-image_html\" alt=\"\" title=\"CAPS\" srcset=\"https:\/\/www.exerciselab.be\/wp-content\/uploads\/2018\/07\/Logo-CAPS-version2-noir-cyan_reduit.jpg 515w, https:\/\/www.exerciselab.be\/wp-content\/uploads\/2018\/07\/Logo-CAPS-version2-noir-cyan_reduit-300x70.jpg 300w, https:\/\/www.exerciselab.be\/wp-content\/uploads\/2018\/07\/Logo-CAPS-version2-noir-cyan_reduit-100x23.jpg 100w\" sizes=\"auto, (max-width: 515px) 100vw, 515px\" \/>\t\t\t\t\t\t\t\t\t<\/a>\n\t\t\t\t\t\t\t\t\t\t\t<\/div>\n\t\t\t\t\t<div class=\"sow-image-grid-image\">\n\t\t\t\t\t\t\t\t\t\t\t\t\t<a href=\"http:\/\/www.adeps.be\"\n\t\t\t\t\t>\n\t\t\t\t\t\t\t\t<img loading=\"lazy\" decoding=\"async\" width=\"163\" height=\"120\" src=\"https:\/\/www.exerciselab.be\/wp-content\/uploads\/2018\/07\/adeps-fwb_reduit.jpg\" class=\"sow-image-grid-image_html\" alt=\"\" title=\"ADEPS\" srcset=\"https:\/\/www.exerciselab.be\/wp-content\/uploads\/2018\/07\/adeps-fwb_reduit.jpg 163w, https:\/\/www.exerciselab.be\/wp-content\/uploads\/2018\/07\/adeps-fwb_reduit-100x74.jpg 100w\" sizes=\"auto, (max-width: 163px) 100vw, 163px\" \/>\t\t\t\t\t\t\t\t\t<\/a>\n\t\t\t\t\t\t\t\t\t\t\t<\/div>\n\t\t\t\t\t<div class=\"sow-image-grid-image\">\n\t\t\t\t\t\t\t\t\t\t\t\t\t<a href=\"http:\/\/www.cicn.be\"\n\t\t\t\t\t>\n\t\t\t\t\t\t\t\t<img loading=\"lazy\" decoding=\"async\" width=\"182\" height=\"70\" src=\"https:\/\/www.exerciselab.be\/wp-content\/uploads\/2018\/08\/CICN2.png\" class=\"sow-image-grid-image_html\" alt=\"\" title=\"CICN\" srcset=\"https:\/\/www.exerciselab.be\/wp-content\/uploads\/2018\/08\/CICN2.png 182w, https:\/\/www.exerciselab.be\/wp-content\/uploads\/2018\/08\/CICN2-100x38.png 100w\" sizes=\"auto, (max-width: 182px) 100vw, 182px\" \/>\t\t\t\t\t\t\t\t\t<\/a>\n\t\t\t\t\t\t\t\t\t\t\t<\/div>\n\t\t\t<\/div>\n<\/div><\/div><div id=\"panel-763-4-1-1\" class=\"so-panel widget widget_sow-image-grid panel-last-child\" data-index=\"11\" ><div\n\t\t\t\n\t\t\tclass=\"so-widget-sow-image-grid so-widget-sow-image-grid-default-b944a3370988-763\"\n\t\t\t\n\t\t>\t<div\n\t\tclass=\"sow-image-grid-wrapper\"\n\t\t\t\tdata-max-height=\"90\"\t>\n\t\t\t\t\t<div class=\"sow-image-grid-image\">\n\t\t\t\t\t\t\t\t\t\t\t\t\t<a href=\"http:\/\/www.fnrs.be\"\n\t\t\t\t\t>\n\t\t\t\t\t\t\t\t<img loading=\"lazy\" decoding=\"async\" width=\"79\" height=\"50\" src=\"https:\/\/www.exerciselab.be\/wp-content\/uploads\/2018\/08\/FNRS2-1.png\" class=\"sow-image-grid-image_html\" alt=\"\" title=\"FNRS\" \/>\t\t\t\t\t\t\t\t\t<\/a>\n\t\t\t\t\t\t\t\t\t\t\t<\/div>\n\t\t\t\t\t<div class=\"sow-image-grid-image\">\n\t\t\t\t\t\t\t\t\t\t\t\t\t<a href=\"https:\/\/www.rodekruis.be\"\n\t\t\t\t\t>\n\t\t\t\t\t\t\t\t<img loading=\"lazy\" decoding=\"async\" width=\"218\" height=\"231\" src=\"https:\/\/www.exerciselab.be\/wp-content\/uploads\/2018\/07\/Unknown-3.png\" class=\"sow-image-grid-image_html\" alt=\"\" title=\"Rode Kruis\" srcset=\"https:\/\/www.exerciselab.be\/wp-content\/uploads\/2018\/07\/Unknown-3.png 218w, https:\/\/www.exerciselab.be\/wp-content\/uploads\/2018\/07\/Unknown-3-94x100.png 94w\" sizes=\"auto, (max-width: 218px) 100vw, 218px\" \/>\t\t\t\t\t\t\t\t\t<\/a>\n\t\t\t\t\t\t\t\t\t\t\t<\/div>\n\t\t\t\t\t<div class=\"sow-image-grid-image\">\n\t\t\t\t\t\t\t\t\t\t\t\t\t<a href=\"https:\/\/www.aspetar.com\/index.aspx?lang=en\"\n\t\t\t\t\t>\n\t\t\t\t\t\t\t\t<img loading=\"lazy\" decoding=\"async\" width=\"654\" height=\"162\" src=\"https:\/\/www.exerciselab.be\/wp-content\/uploads\/2021\/03\/Aspetar-logo.png\" class=\"sow-image-grid-image_html\" alt=\"\" title=\"Aspetar\" srcset=\"https:\/\/www.exerciselab.be\/wp-content\/uploads\/2021\/03\/Aspetar-logo.png 654w, https:\/\/www.exerciselab.be\/wp-content\/uploads\/2021\/03\/Aspetar-logo-300x74.png 300w, https:\/\/www.exerciselab.be\/wp-content\/uploads\/2021\/03\/Aspetar-logo-16x4.png 16w, https:\/\/www.exerciselab.be\/wp-content\/uploads\/2021\/03\/Aspetar-logo-640x159.png 640w, https:\/\/www.exerciselab.be\/wp-content\/uploads\/2021\/03\/Aspetar-logo-100x25.png 100w\" sizes=\"auto, (max-width: 654px) 100vw, 654px\" \/>\t\t\t\t\t\t\t\t\t<\/a>\n\t\t\t\t\t\t\t\t\t\t\t<\/div>\n\t\t\t<\/div>\n<\/div><\/div><\/div><\/div><\/div><\/div>","protected":false},"excerpt":{"rendered":"<p>Le monde de l&rsquo;activit\u00e9 physique et du sport est \u00e0 l&rsquo;aff\u00fbt des derni\u00e8res nouveaut\u00e9s afin d&rsquo;optimaliser les b\u00e9n\u00e9fices sur la sant\u00e9 et sur la performance. Par son activit\u00e9 de recherche<a href=\"https:\/\/www.exerciselab.be\/en\/recherche\/\" class=\"more-link\"><span class=\"more-button\">Continue reading<span class=\"screen-reader-text\">Research<\/span><\/span><\/a><\/p>","protected":false},"author":23,"featured_media":0,"parent":0,"menu_order":0,"comment_status":"closed","ping_status":"closed","template":"","meta":{"footnotes":""},"class_list":["post-763","page","type-page","status-publish","hentry"],"_links":{"self":[{"href":"https:\/\/www.exerciselab.be\/en\/wp-json\/wp\/v2\/pages\/763","targetHints":{"allow":["GET"]}}],"collection":[{"href":"https:\/\/www.exerciselab.be\/en\/wp-json\/wp\/v2\/pages"}],"about":[{"href":"https:\/\/www.exerciselab.be\/en\/wp-json\/wp\/v2\/types\/page"}],"author":[{"embeddable":true,"href":"https:\/\/www.exerciselab.be\/en\/wp-json\/wp\/v2\/users\/23"}],"replies":[{"embeddable":true,"href":"https:\/\/www.exerciselab.be\/en\/wp-json\/wp\/v2\/comments?post=763"}],"version-history":[{"count":5,"href":"https:\/\/www.exerciselab.be\/en\/wp-json\/wp\/v2\/pages\/763\/revisions"}],"predecessor-version":[{"id":20353,"href":"https:\/\/www.exerciselab.be\/en\/wp-json\/wp\/v2\/pages\/763\/revisions\/20353"}],"wp:attachment":[{"href":"https:\/\/www.exerciselab.be\/en\/wp-json\/wp\/v2\/media?parent=763"}],"curies":[{"name":"wp","href":"https:\/\/api.w.org\/{rel}","templated":true}]}}